{"id":1696,"date":"2020-06-24T05:27:07","date_gmt":"2020-06-24T05:27:07","guid":{"rendered":"https:\/\/rollingcabinet-moves.org\/index.php\/home-2\/"},"modified":"2023-04-20T21:08:21","modified_gmt":"2023-04-20T21:08:21","slug":"home-2","status":"publish","type":"page","link":"https:\/\/rollingcabinet-moves.org\/","title":{"rendered":"DE"},"content":{"rendered":"\n<div class=\"is-layout-constrained wp-block-group alignfull has-ast-global-color-4-background-color has-background\"><div class=\"wp-block-group__inner-container\">\n<div class=\"wp-block-media-text alignfull is-stacked-on-mobile is-vertically-aligned-center\" style=\"grid-template-columns:53% auto\"><figure class=\"wp-block-media-text__media\"><img decoding=\"async\" loading=\"lazy\" width=\"1024\" height=\"683\" src=\"https:\/\/rollingcabinet-moves.org\/wp-content\/uploads\/2022\/03\/Wagen1-Kopie-2-1024x683.jpg\" alt=\"\" class=\"wp-image-2004 size-full\" srcset=\"https:\/\/rollingcabinet-moves.org\/wp-content\/uploads\/2022\/03\/Wagen1-Kopie-2-1024x683.jpg 1024w, https:\/\/rollingcabinet-moves.org\/wp-content\/uploads\/2022\/03\/Wagen1-Kopie-2-300x200.jpg 300w, https:\/\/rollingcabinet-moves.org\/wp-content\/uploads\/2022\/03\/Wagen1-Kopie-2-768x512.jpg 768w, https:\/\/rollingcabinet-moves.org\/wp-content\/uploads\/2022\/03\/Wagen1-Kopie-2-1536x1024.jpg 1536w, https:\/\/rollingcabinet-moves.org\/wp-content\/uploads\/2022\/03\/Wagen1-Kopie-2-2048x1365.jpg 2048w\" sizes=\"(max-width: 1024px) 100vw, 1024px\" \/><\/figure><div class=\"wp-block-media-text__content\">\n<h2 class=\"has-text-align-center has-text-color\" style=\"color:#000000;font-style:normal;font-weight:600;text-transform:capitalize\">THE ROLLING CABINET <br>MOVING COMPANY<\/h2>\n\n\n\n<p class=\"has-text-align-center has-medium-font-size\"><em>Und wovon tr\u00e4umen Sie?<\/em><\/p>\n<\/div><\/div>\n\n\n\n<div style=\"height:47px\" aria-hidden=\"true\" class=\"wp-block-spacer\"><\/div>\n\n\n\n<div style=\"height:111px\" aria-hidden=\"true\" class=\"wp-block-spacer uag-hide-mob\"><\/div>\n\n\n\n<h2 class=\"has-text-align-center\">Unsere Angebote<\/h2>\n\n\n\n<section class=\"wp-block-uagb-columns uagb-columns__wrap uagb-columns__background-none uagb-columns__stack-mobile uagb-columns__valign-top uagb-columns__gap-0 alignfull uagb-block-dfc703e3 uagb-columns__columns-4 uagb-columns__max_width-custom\"><div class=\"uagb-columns__overlay\"><\/div><div class=\"uagb-columns__inner-wrap uagb-columns__columns-4\">\n<div class=\"wp-block-uagb-column uagb-column__wrap uagb-column__background-undefined uagb-block-eeee50e1\"><div class=\"uagb-column__overlay\"><\/div>\n<div class=\"wp-block-uagb-image aligncenter uagb-block-3e764048 wp-block-uagb-image--layout-default wp-block-uagb-image--effect-static wp-block-uagb-image--align-center\"><figure class=\"wp-block-uagb-image__figure\"><img decoding=\"async\" srcset=\"https:\/\/rollingcabinet-moves.org\/wp-content\/uploads\/2022\/04\/besen_quadrat.png \" src=\"https:\/\/rollingcabinet-moves.org\/wp-content\/uploads\/2022\/04\/besen_quadrat.png\" alt=\"\" class=\"uag-image-2191\" width=\"193\" height=\"128\" title=\"\" loading=\"lazy\"\/><\/figure><\/div>\n\n\n\n<p><strong>Reinigung<\/strong><br>Fast der wichtigste Teil des Umzugs. Wir helfen Ihnen dabei, Ihre Spuren zu entfernen. <\/p>\n<\/div>\n\n\n\n<div class=\"wp-block-uagb-column uagb-column__wrap uagb-column__background-undefined uagb-block-1c88e5bf\"><div class=\"uagb-column__overlay\"><\/div>\n<div class=\"wp-block-uagb-image aligncenter uagb-block-7eeb63bb wp-block-uagb-image--layout-default wp-block-uagb-image--effect-static wp-block-uagb-image--align-center\"><figure class=\"wp-block-uagb-image__figure\"><img decoding=\"async\" srcset=\"https:\/\/rollingcabinet-moves.org\/wp-content\/uploads\/2022\/04\/boxes_quadrat2.png \" src=\"https:\/\/rollingcabinet-moves.org\/wp-content\/uploads\/2022\/04\/boxes_quadrat2.png\" alt=\"\" class=\"uag-image-2201\" width=\"195\" height=\"125\" title=\"\" loading=\"lazy\"\/><\/figure><\/div>\n\n\n\n<p class=\"has-text-align-left\"><strong>Umzugskisten<\/strong><br>Haben wir in allen Gr\u00f6ssen und Formen, u.a. mit Innenpolsterung, handgefertigten Henkeln und Bel\u00fcftungssystemen.<\/p>\n<\/div>\n\n\n\n<div class=\"wp-block-uagb-column uagb-column__wrap uagb-column__background-undefined uagb-block-2f6ea945\"><div class=\"uagb-column__overlay\"><\/div>\n<div class=\"wp-block-uagb-image aligncenter uagb-block-02ef5c5b wp-block-uagb-image--layout-default wp-block-uagb-image--effect-static wp-block-uagb-image--align-center\"><figure class=\"wp-block-uagb-image__figure\"><img decoding=\"async\" srcset=\"https:\/\/rollingcabinet-moves.org\/wp-content\/uploads\/2022\/04\/map_quadrat.png \" src=\"https:\/\/rollingcabinet-moves.org\/wp-content\/uploads\/2022\/04\/map_quadrat.png\" alt=\"\" class=\"uag-image-2193\" width=\"195\" height=\"122\" title=\"\" loading=\"lazy\"\/><\/figure><\/div>\n\n\n\n<p class=\"has-text-align-left\"><strong>Transport<\/strong><br>Wir bringen Ihre Sammlungen kompetent von A nach B. Auch Einzelst\u00fccke, falls vorhanden.<\/p>\n<\/div>\n\n\n\n<div class=\"wp-block-uagb-column uagb-column__wrap uagb-column__background-undefined uagb-block-48c5c393\"><div class=\"uagb-column__overlay\"><\/div>\n<div class=\"wp-block-uagb-image aligncenter uagb-block-b5264f3f wp-block-uagb-image--layout-default wp-block-uagb-image--effect-static wp-block-uagb-image--align-center\"><figure class=\"wp-block-uagb-image__figure\"><img decoding=\"async\" srcset=\"https:\/\/rollingcabinet-moves.org\/wp-content\/uploads\/2022\/04\/sack_quadrat.png \" src=\"https:\/\/rollingcabinet-moves.org\/wp-content\/uploads\/2022\/04\/sack_quadrat.png\" alt=\"\" class=\"uag-image-2194\" width=\"195\" height=\"123\" title=\"\" loading=\"lazy\"\/><\/figure><\/div>\n\n\n\n<p><strong>Entsorgung<\/strong><br>Lassen Sie uns Ihre Sorgen mitnehmen. Oder brauchen Sie das alles noch?<\/p>\n<\/div>\n<\/div><\/section>\n<\/div><\/div>\n\n\n\n<div class=\"wp-block-cover alignfull has-parallax is-position-center-center\"><span aria-hidden=\"true\" class=\"wp-block-cover__background has-ast-global-color-2-background-color has-background-dim-80 has-background-dim\"><\/span><div role=\"img\" class=\"wp-block-cover__image-background wp-image-2311 has-parallax\" style=\"background-position:50% 50%;background-image:url(https:\/\/rollingcabinet-moves.org\/wp-content\/uploads\/2023\/03\/FOTI3-Kopie3-scaled.jpg)\"><\/div><div class=\"wp-block-cover__inner-container\">\n<p class=\"has-text-align-center has-large-font-size\">&#8220;Zahndose verschwunden&#8221;<\/p>\n\n\n\n<p class=\"has-text-align-center\">&#8220;Seit dem Umzug ist die Zahndose meiner 8-j\u00e4hrigen Tochter spurlos verschwunden. H\u00e4tte ich den Vertrag bloss genauer durchgelesen&#8230;&#8221;<\/p>\n\n\n\n<div class=\"is-content-justification-center is-layout-flex wp-container-2 wp-block-buttons\">\n<div class=\"wp-block-button\"><a class=\"wp-block-button__link wp-element-button\" href=\"https:\/\/rollingcabinet-moves.org\/wp-content\/uploads\/2022\/04\/mustervertrag-1.pdf\" target=\"_blank\" rel=\"noreferrer noopener\">MUSTERVERTRAG<\/a><\/div>\n<\/div>\n<\/div><\/div>\n\n\n\n<div class=\"is-layout-constrained wp-block-group alignwide has-ast-global-color-5-background-color has-background\"><div class=\"wp-block-group__inner-container\">\n<div style=\"height:17px\" aria-hidden=\"true\" class=\"wp-block-spacer\"><\/div>\n\n\n\n<h2 class=\"alignfull has-text-align-center\">Ihre Meinung ist uns unwichtig<\/h2>\n\n\n\n<p class=\"has-text-align-center has-ast-global-color-2-color has-text-color\" style=\"font-size:28px\"><strong>Trotzdem Hat Sie Hier Platz<\/strong><\/p>\n\n\n\n<div style=\"height:27px\" aria-hidden=\"true\" class=\"wp-block-spacer\"><\/div>\n\n\n\n<section class=\"wp-block-uagb-columns uagb-columns__wrap uagb-columns__background-none uagb-columns__stack-mobile uagb-columns__valign-top uagb-columns__gap-0 align uagb-block-ee00a988 uagb-columns__columns-3 uagb-columns__max_width-theme\"><div class=\"uagb-columns__overlay\"><\/div><div class=\"uagb-columns__inner-wrap uagb-columns__columns-3\">\n<div class=\"wp-block-uagb-column uagb-column__wrap uagb-column__background-undefined uagb-block-713c472b\"><div class=\"uagb-column__overlay\"><\/div>\n<p class=\"has-text-align-left\"><strong><em>\u201eWir Konnten Endlich Loslassen&#8221;<\/em><\/strong><br><em>\u201eWir haben uns lange davor gedr\u00fcckt, unseren Umzug zu planen, weil wir so an unserer alten Wohnung hingen. Das Haus wird Mitte Mai abgerissen. Die Rolling Cabinet Umzugsfirma hat uns dabei geholfen, endlich loszulassen. Immerhin kommen jetzt wichtige B\u00fcrogeb\u00e4ude da hin.&#8221;<\/em><\/p>\n<\/div>\n\n\n\n<div class=\"wp-block-uagb-column uagb-column__wrap uagb-column__background-undefined uagb-block-8f010c2d\"><div class=\"uagb-column__overlay\"><\/div>\n<p><strong><em>\u201e<\/em>Eher Aufdringlich&#8221;<\/strong><br><em>\u201eDer Umzug verlief an sich tiptop, nur haben Sie mir die ganze Zeit sonderbare fragen gestellt, z.b. Ob ich schon einmal eine Anzeige gemacht habe, wie viel pers\u00f6nlicher wert der alte teppich im Bad hat etc. \u2013 eher aufdringlich.\u201c<\/em><\/p>\n<\/div>\n\n\n\n<div class=\"wp-block-uagb-column uagb-column__wrap uagb-column__background-undefined uagb-block-0700d031\"><div class=\"uagb-column__overlay\"><\/div>\n<p id=\"block-8cdee485-faee-4157-9591-9a7c3d491dfc\"><strong><em>\u201eDa Ist Was Faul&#8221;<\/em><\/strong><br><em>\u201eMEINE PORZELLANTELLER sind in der Sammlung im KUNSTHAUS aufgetaucht\u2026.. ZWEI WOCHEN NACH UMZUG!!\u00a8! Es sind Erbst\u00fccke\u201c<\/em><\/p>\n<\/div>\n<\/div><\/section>\n\n\n\n<div class=\"is-layout-constrained wp-block-group\"><div class=\"wp-block-group__inner-container\">\n<section class=\"wp-block-uagb-columns uagb-columns__wrap uagb-columns__background-color uagb-columns__stack-mobile uagb-columns__valign-top uagb-columns__gap-0 align uagb-columns__reverse-mobile uagb-block-a43c3e08 uagb-columns__columns-3 uagb-columns__max_width-theme\"><div class=\"uagb-columns__overlay\"><\/div><div class=\"uagb-columns__inner-wrap uagb-columns__columns-3\">\n<div class=\"wp-block-uagb-column uagb-column__wrap uagb-column__background-undefined uagb-block-c0c50230\"><div class=\"uagb-column__overlay\"><\/div>\n<p class=\"has-text-align-left\"><strong><em><strong>\u201eUnbedingt Eigene Umzugskisten Benutzen&#8221;<\/strong><br><\/em><\/strong><em>\u201eDie von der Firma bereitgestellten Boxen sehen zwar ganz h\u00fcbsch aus, doch leider n\u00fctzten sie nichts \u2013 entweder waren sie zu rund, zu eckig, hatten einen unpassenden Deckel oder faustgrosse L\u00f6cher<\/em>.<em> Zum Gl\u00fcck hatte meine Nachbarin noch welche.&#8221;<\/em><\/p>\n<\/div>\n\n\n\n<div class=\"wp-block-uagb-column uagb-column__wrap uagb-column__background-undefined uagb-block-e5f82c4a\"><div class=\"uagb-column__overlay\"><\/div>\n<p class=\"has-text-align-left\"><strong><em><em><strong>\u201e\u00dcberraschend Gut&#8221;<\/strong><br><\/em><\/em><\/strong><em><em>\u201e<\/em>\u00dcberraschend gut halt.&#8221;<\/em><\/p>\n<\/div>\n\n\n\n<div class=\"wp-block-uagb-column uagb-column__wrap uagb-column__background-undefined uagb-block-cb865551\"><div class=\"uagb-column__overlay\"><\/div>\n<p><strong>&#8220;Trotzdem Empfehlenswert&#8221;<\/strong><br><em>\u201eDer M\u00f6bellift war leider zu kurz f\u00fcr meine Wohnung im Hochhaus, sodass der Umzug abgebrochen werden musste. Diese Firma w\u00fcrde ich trotzdem weiterempfehlen\u201c<\/em><\/p>\n<\/div>\n<\/div><\/section>\n<\/div><\/div>\n<\/div><\/div>\n\n\n\n<div style=\"height:49px\" aria-hidden=\"true\" class=\"wp-block-spacer\"><\/div>\n\n\n\n<h2 class=\"has-text-align-center\">Lost And Found<\/h2>\n\n\n\n<p>Folgende Gegenst\u00e4nde k\u00f6nnen momentan ersteigert werden:<\/p>\n\n\n\n<p class=\"has-text-align-left has-ast-global-color-5-background-color has-background\">&#8211; Keramiktasse mit abgestandenem Kaffeeschaum, aus der im Jahr 2014 die deutsche Bundeskanzlerin Angela Merkel getrunken haben soll <br>&#8211; Sammlung von 19 Notbremsen, Farbraum hellrot \u2013 dunkelrot<br>&#8211; &#8220;Wolke in einem Glas&#8221;-Glas ohne Wolke, vermutlich verfallen<br>&#8211; Neuwertige Zahndose aus Holz, Inhalt: 7,5 Milchz\u00e4hne<br>&#8211; Buch &#8220;Anleitung zu einem minimalistischen Leben&#8221;, Seitenzahl: 1334<br>&#8211; Pokalsammlung eines Kochs, 16 St\u00fccke, unterschiedliche Formen (z.B. als L\u00f6ffel-, Suppentopf- oder K\u00e4seraffelimitationen)<br>&#8211; Brief an &#8220;Laurente&#8221;<br>&#8211; Schaufensterflugzeug, weisse Farbe teilweise abgebr\u00f6ckelt, 60x50x45cm<\/p>\n\n\n\n<p><em>Hinweis: diese Liste wird fortlaufend aktualisiert. F\u00fcr weitere Informationen senden Sie uns eine E-Mail an:  contact@rollingcabinet-moves.<\/em>org<\/p>\n\n\n\n<div style=\"height:17px\" aria-hidden=\"true\" class=\"wp-block-spacer\"><\/div>\n\n\n\n<h2 class=\"has-text-align-center\">Standort<\/h2>\n\n\n\n<div class=\"is-layout-flex wp-container-10 wp-block-columns\">\n<div class=\"is-layout-flow wp-block-column\" style=\"flex-basis:100%\">\n<div class=\"is-layout-flex wp-container-8 wp-block-columns\">\n<div class=\"is-layout-flow wp-block-column\">\n<figure class=\"wp-block-image size-large\"><img decoding=\"async\" loading=\"lazy\" width=\"1024\" height=\"694\" src=\"https:\/\/rollingcabinet-moves.org\/wp-content\/uploads\/2022\/03\/maps-1024x694.png\" alt=\"\" class=\"wp-image-2058\" srcset=\"https:\/\/rollingcabinet-moves.org\/wp-content\/uploads\/2022\/03\/maps-1024x694.png 1024w, https:\/\/rollingcabinet-moves.org\/wp-content\/uploads\/2022\/03\/maps-300x203.png 300w, https:\/\/rollingcabinet-moves.org\/wp-content\/uploads\/2022\/03\/maps-768x520.png 768w, https:\/\/rollingcabinet-moves.org\/wp-content\/uploads\/2022\/03\/maps.png 1054w\" sizes=\"(max-width: 1024px) 100vw, 1024px\" \/><\/figure>\n<\/div>\n\n\n\n<div class=\"is-layout-flow wp-block-column\"><\/div>\n\n\n\n<div class=\"is-layout-flow wp-block-column\"><\/div>\n<\/div>\n<\/div>\n<\/div>\n\n\n\n<h2 class=\"has-text-align-center\">Schreiben Sie uns<\/h2>\n\n\n\n<p class=\"has-text-align-left\">Wissen Sie nicht mehr, wohin mit all dem Zeug? Oder wissen Sie wohin, aber nicht, wie? Ob Privatperson oder Unternehmen, teilen Sie uns Ihre W\u00fcnsche und Sorgen mit \u2013 wir freuen uns, von Ihnen zu h\u00f6ren. Vielleicht sind wir ja bereits auf halbem Weg zu Ihnen&#8230;<\/p>\n\n\n\n<div class=\"is-horizontal is-content-justification-center is-layout-flex wp-container-11 wp-block-buttons\">\n<div class=\"wp-block-button\"><a class=\"wp-block-button__link wp-element-button\" href=\"https:\/\/rollingcabinet-moves.org\/wp-content\/uploads\/2023\/03\/Fragebogen_Privatumzug.pdf\" target=\"_blank\" rel=\"noreferrer noopener\">privatumzug<\/a><\/div>\n\n\n\n<div class=\"wp-block-button\"><a class=\"wp-block-button__link wp-element-button\" href=\"https:\/\/rollingcabinet-moves.org\/wp-content\/uploads\/2023\/03\/Fragebogen_Firmenumzug.pdf\" target=\"_blank\" rel=\"noreferrer noopener\">Firmenumzug<\/a><\/div>\n<\/div>\n\n\n\n<div style=\"height:24px\" aria-hidden=\"true\" class=\"wp-block-spacer\"><\/div>\n\n\n\n<p class=\"has-text-align-center\">E-mail: contact@rollingcabinet-moves.org<\/p>\n\n\n\n<div class=\"is-layout-flex wp-block-buttons\"><\/div>\n","protected":false},"excerpt":{"rendered":"<p>THE ROLLING CABINET MOVING COMPANY Und wovon tr\u00e4umen Sie? Unsere Angebote Ihre Meinung ist uns unwichtig Trotzdem Hat Sie Hier Platz Lost And Found Folgende Gegenst\u00e4nde k\u00f6nnen momentan ersteigert werden: &#8211; Keramiktasse mit abgestandenem Kaffeeschaum, aus der im Jahr 2014 die deutsche Bundeskanzlerin Angela Merkel getrunken haben soll &#8211; Sammlung von 19 Notbremsen, Farbraum hellrot &hellip;<\/p>\n<p class=\"read-more\"> <a class=\"\" href=\"https:\/\/rollingcabinet-moves.org\/\"> <span class=\"screen-reader-text\">DE<\/span> Read More &raquo;<\/a><\/p>\n","protected":false},"author":1,"featured_media":0,"parent":0,"menu_order":0,"comment_status":"closed","ping_status":"closed","template":"","meta":{"_uag_custom_page_level_css":"","site-sidebar-layout":"no-sidebar","site-content-layout":"plain-container","ast-main-header-display":"","ast-hfb-above-header-display":"","ast-hfb-below-header-display":"","ast-hfb-mobile-header-display":"","site-post-title":"disabled","ast-breadcrumbs-content":"","ast-featured-img":"disabled","footer-sml-layout":"","theme-transparent-header-meta":"default","adv-header-id-meta":"","stick-header-meta":"","header-above-stick-meta":"","header-main-stick-meta":"","header-below-stick-meta":""},"aioseo_notices":[],"uagb_featured_image_src":{"full":false,"thumbnail":false,"medium":false,"medium_large":false,"large":false,"1536x1536":false,"2048x2048":false},"uagb_author_info":{"display_name":"lyenne","author_link":"https:\/\/rollingcabinet-moves.org\/index.php\/author\/lyenne\/"},"uagb_comment_info":0,"uagb_excerpt":"THE ROLLING CABINET MOVING COMPANY Und wovon tr\u00e4umen Sie? Unsere Angebote Ihre Meinung ist uns unwichtig Trotzdem Hat Sie Hier Platz Lost And Found Folgende Gegenst\u00e4nde k\u00f6nnen momentan ersteigert werden: &#8211; Keramiktasse mit abgestandenem Kaffeeschaum, aus der im Jahr 2014 die deutsche Bundeskanzlerin Angela Merkel getrunken haben soll &#8211; Sammlung von 19 Notbremsen, Farbraum hellrot&hellip;","_links":{"self":[{"href":"https:\/\/rollingcabinet-moves.org\/index.php\/wp-json\/wp\/v2\/pages\/1696"}],"collection":[{"href":"https:\/\/rollingcabinet-moves.org\/index.php\/wp-json\/wp\/v2\/pages"}],"about":[{"href":"https:\/\/rollingcabinet-moves.org\/index.php\/wp-json\/wp\/v2\/types\/page"}],"author":[{"embeddable":true,"href":"https:\/\/rollingcabinet-moves.org\/index.php\/wp-json\/wp\/v2\/users\/1"}],"replies":[{"embeddable":true,"href":"https:\/\/rollingcabinet-moves.org\/index.php\/wp-json\/wp\/v2\/comments?post=1696"}],"version-history":[{"count":259,"href":"https:\/\/rollingcabinet-moves.org\/index.php\/wp-json\/wp\/v2\/pages\/1696\/revisions"}],"predecessor-version":[{"id":2502,"href":"https:\/\/rollingcabinet-moves.org\/index.php\/wp-json\/wp\/v2\/pages\/1696\/revisions\/2502"}],"wp:attachment":[{"href":"https:\/\/rollingcabinet-moves.org\/index.php\/wp-json\/wp\/v2\/media?parent=1696"}],"curies":[{"name":"wp","href":"https:\/\/api.w.org\/{rel}","templated":true}]}}